{"id":376,"date":"2024-10-13T12:05:19","date_gmt":"2024-10-13T12:05:19","guid":{"rendered":"https:\/\/vinly.aloldal.xyz\/?post_type=product&#038;p=376"},"modified":"2024-10-13T12:08:01","modified_gmt":"2024-10-13T12:08:01","slug":"acoustic-gita","status":"publish","type":"product","link":"https:\/\/vinly-to-go.hu\/de\/produkt\/acoustic-gita\/","title":{"rendered":"Akustikgitarre"},"content":{"rendered":"","protected":false},"excerpt":{"rendered":"<p>Gr\u00f6\u00dfe: 1250 x 229 x 5,7 mm<\/p>\n<p>2,00 m\u00b2\/Box<\/p>\n<p>100% wasserdicht,<\/p>\n<p>Keine Unterlage erforderlich.<\/p>\n<p>Dank seiner hervorragenden Formstabilit\u00e4t lassen sich bis zu 200 m\u00b2 Fl\u00e4che auf einmal verlegen, ohne zus\u00e4tzliche Dehnungsfugen. Es ist so sch\u00f6n wie Holzparkett und so praktisch wie Pflastersteine.<\/p>","protected":false},"featured_media":377,"comment_status":"open","ping_status":"closed","template":"","meta":[],"product_cat":[81],"product_tag":[],"class_list":{"0":"post-376","1":"product","2":"type-product","3":"status-publish","4":"has-post-thumbnail","6":"product_cat-vinly-padlo","8":"first","9":"instock","10":"shipping-taxable","11":"purchasable","12":"product-type-simple"},"_links":{"self":[{"href":"https:\/\/vinly-to-go.hu\/de\/wp-json\/wp\/v2\/product\/376"}],"collection":[{"href":"https:\/\/vinly-to-go.hu\/de\/wp-json\/wp\/v2\/product"}],"about":[{"href":"https:\/\/vinly-to-go.hu\/de\/wp-json\/wp\/v2\/types\/product"}],"replies":[{"embeddable":true,"href":"https:\/\/vinly-to-go.hu\/de\/wp-json\/wp\/v2\/comments?post=376"}],"wp:featuredmedia":[{"embeddable":true,"href":"https:\/\/vinly-to-go.hu\/de\/wp-json\/wp\/v2\/media\/377"}],"wp:attachment":[{"href":"https:\/\/vinly-to-go.hu\/de\/wp-json\/wp\/v2\/media?parent=376"}],"wp:term":[{"taxonomy":"product_cat","embeddable":true,"href":"https:\/\/vinly-to-go.hu\/de\/wp-json\/wp\/v2\/product_cat?post=376"},{"taxonomy":"product_tag","embeddable":true,"href":"https:\/\/vinly-to-go.hu\/de\/wp-json\/wp\/v2\/product_tag?post=376"}],"curies":[{"name":"wp","href":"https:\/\/api.w.org\/{rel}","templated":true}]}}