{"id":378,"date":"2024-10-13T12:07:04","date_gmt":"2024-10-13T12:07:04","guid":{"rendered":"https:\/\/vinly.aloldal.xyz\/?post_type=product&#038;p=378"},"modified":"2024-10-13T12:07:27","modified_gmt":"2024-10-13T12:07:27","slug":"douro-pebble","status":"publish","type":"product","link":"https:\/\/vinly-to-go.hu\/de\/produkt\/douro-pebble\/","title":{"rendered":"Douro-Kiesel"},"content":{"rendered":"","protected":false},"excerpt":{"rendered":"<p>Gr\u00f6\u00dfe 1220 x 180 x 5,5 mm<\/p>\n<p>2.196 m<sup>2<\/sup> \/Paket<\/p>\n<p>100% wasserdicht,<\/p>\n<p>Keine Unterlage erforderlich.<\/p>\n<p>Dank seiner hervorragenden Formstabilit\u00e4t lassen sich bis zu 200 m\u00b2 Fl\u00e4che auf einmal verlegen, ohne zus\u00e4tzliche Dehnungsfugen. Es ist so sch\u00f6n wie Holzparkett und so praktisch wie Pflastersteine.<\/p>","protected":false},"featured_media":379,"comment_status":"open","ping_status":"closed","template":"","meta":[],"product_cat":[81],"product_tag":[],"class_list":{"0":"post-378","1":"product","2":"type-product","3":"status-publish","4":"has-post-thumbnail","6":"product_cat-vinly-padlo","8":"first","9":"instock","10":"shipping-taxable","11":"purchasable","12":"product-type-simple"},"_links":{"self":[{"href":"https:\/\/vinly-to-go.hu\/de\/wp-json\/wp\/v2\/product\/378"}],"collection":[{"href":"https:\/\/vinly-to-go.hu\/de\/wp-json\/wp\/v2\/product"}],"about":[{"href":"https:\/\/vinly-to-go.hu\/de\/wp-json\/wp\/v2\/types\/product"}],"replies":[{"embeddable":true,"href":"https:\/\/vinly-to-go.hu\/de\/wp-json\/wp\/v2\/comments?post=378"}],"wp:featuredmedia":[{"embeddable":true,"href":"https:\/\/vinly-to-go.hu\/de\/wp-json\/wp\/v2\/media\/379"}],"wp:attachment":[{"href":"https:\/\/vinly-to-go.hu\/de\/wp-json\/wp\/v2\/media?parent=378"}],"wp:term":[{"taxonomy":"product_cat","embeddable":true,"href":"https:\/\/vinly-to-go.hu\/de\/wp-json\/wp\/v2\/product_cat?post=378"},{"taxonomy":"product_tag","embeddable":true,"href":"https:\/\/vinly-to-go.hu\/de\/wp-json\/wp\/v2\/product_tag?post=378"}],"curies":[{"name":"wp","href":"https:\/\/api.w.org\/{rel}","templated":true}]}}