{"id":403,"date":"2024-10-13T12:23:08","date_gmt":"2024-10-13T12:23:08","guid":{"rendered":"https:\/\/vinly.aloldal.xyz\/?post_type=product&#038;p=403"},"modified":"2024-10-13T12:25:31","modified_gmt":"2024-10-13T12:25:31","slug":"lapszintezo-talp","status":"publish","type":"product","link":"https:\/\/vinly-to-go.hu\/de\/produkt\/lapszintezo-talp\/","title":{"rendered":"Nivellierfu\u00df"},"content":{"rendered":"<p>Das Fliesenverlegesystem Basic-Set ist ein praktisches System f\u00fcr die schnelle, sichere und ebene Verlegung von Wand- und Bodenfliesen. Es ist eine unverzichtbare Hilfe f\u00fcr ein schnelles und pr\u00e4zises Verlegen, insbesondere bei gro\u00dfformatigen Fliesen. Geeignet f\u00fcr Wand- und Bodenfliesen von 3 bis 15 mm St\u00e4rke. Rei\u00dffest beim Verlegen. Leicht zu entfernen.<\/p>","protected":false},"excerpt":{"rendered":"<p>Optional: 1 mm, 2 mm, 3 mm<\/p>\n<p>200 St\u00fcck\/Packung<\/p>","protected":false},"featured_media":404,"comment_status":"open","ping_status":"closed","template":"","meta":[],"product_cat":[63],"product_tag":[],"class_list":{"0":"post-403","1":"product","2":"type-product","3":"status-publish","4":"has-post-thumbnail","6":"product_cat-egyeb-anyagok","8":"first","9":"instock","10":"shipping-taxable","11":"purchasable","12":"product-type-variable"},"_links":{"self":[{"href":"https:\/\/vinly-to-go.hu\/de\/wp-json\/wp\/v2\/product\/403"}],"collection":[{"href":"https:\/\/vinly-to-go.hu\/de\/wp-json\/wp\/v2\/product"}],"about":[{"href":"https:\/\/vinly-to-go.hu\/de\/wp-json\/wp\/v2\/types\/product"}],"replies":[{"embeddable":true,"href":"https:\/\/vinly-to-go.hu\/de\/wp-json\/wp\/v2\/comments?post=403"}],"wp:featuredmedia":[{"embeddable":true,"href":"https:\/\/vinly-to-go.hu\/de\/wp-json\/wp\/v2\/media\/404"}],"wp:attachment":[{"href":"https:\/\/vinly-to-go.hu\/de\/wp-json\/wp\/v2\/media?parent=403"}],"wp:term":[{"taxonomy":"product_cat","embeddable":true,"href":"https:\/\/vinly-to-go.hu\/de\/wp-json\/wp\/v2\/product_cat?post=403"},{"taxonomy":"product_tag","embeddable":true,"href":"https:\/\/vinly-to-go.hu\/de\/wp-json\/wp\/v2\/product_tag?post=403"}],"curies":[{"name":"wp","href":"https:\/\/api.w.org\/{rel}","templated":true}]}}