{"id":417,"date":"2024-10-13T12:39:21","date_gmt":"2024-10-13T12:39:21","guid":{"rendered":"https:\/\/vinly.aloldal.xyz\/?post_type=product&#038;p=417"},"modified":"2024-10-13T12:41:04","modified_gmt":"2024-10-13T12:41:04","slug":"kulso-sarok-elem-hajlaterosito-szalaghoz","status":"publish","type":"product","link":"https:\/\/vinly-to-go.hu\/de\/produkt\/kulso-sarok-elem-hajlaterosito-szalaghoz\/","title":{"rendered":"\u00c4u\u00dferes Eckelement zum Biegen von Verst\u00e4rkungsband"},"content":{"rendered":"<p>Biegeverst\u00e4rkungsgummiband aus flexiblem, d\u00fcnnem Material. In der Mitte verj\u00fcngt f\u00fcr leichteres Einf\u00fchren.<\/p>\n<p>L\u00e4sst sich beim Auftragen von streichf\u00e4higer Abdichtung leicht einbetten. Kann sowohl im Innen- als auch im Au\u00dfenbereich verwendet werden.<\/p>\n<p>Verwendung: dauerhaft flexibel, hochwertig, einfach zu installieren, f\u00fcr den Innen- und Au\u00dfenbereich geeignet. F\u00fcr Terrassen und Badezimmer.<\/p>","protected":false},"excerpt":{"rendered":"<p>Eckverbindung f\u00fcr Biegebewehrungsband 270<sup>o <\/sup>Eckelement, wasserdicht und dampfdicht, alkalibest\u00e4ndig.<\/p>","protected":false},"featured_media":418,"comment_status":"open","ping_status":"closed","template":"","meta":[],"product_cat":[68],"product_tag":[],"class_list":{"0":"post-417","1":"product","2":"type-product","3":"status-publish","4":"has-post-thumbnail","6":"product_cat-hajlaterosito-szalag","8":"first","9":"instock","10":"shipping-taxable","11":"purchasable","12":"product-type-simple"},"_links":{"self":[{"href":"https:\/\/vinly-to-go.hu\/de\/wp-json\/wp\/v2\/product\/417"}],"collection":[{"href":"https:\/\/vinly-to-go.hu\/de\/wp-json\/wp\/v2\/product"}],"about":[{"href":"https:\/\/vinly-to-go.hu\/de\/wp-json\/wp\/v2\/types\/product"}],"replies":[{"embeddable":true,"href":"https:\/\/vinly-to-go.hu\/de\/wp-json\/wp\/v2\/comments?post=417"}],"wp:featuredmedia":[{"embeddable":true,"href":"https:\/\/vinly-to-go.hu\/de\/wp-json\/wp\/v2\/media\/418"}],"wp:attachment":[{"href":"https:\/\/vinly-to-go.hu\/de\/wp-json\/wp\/v2\/media?parent=417"}],"wp:term":[{"taxonomy":"product_cat","embeddable":true,"href":"https:\/\/vinly-to-go.hu\/de\/wp-json\/wp\/v2\/product_cat?post=417"},{"taxonomy":"product_tag","embeddable":true,"href":"https:\/\/vinly-to-go.hu\/de\/wp-json\/wp\/v2\/product_tag?post=417"}],"curies":[{"name":"wp","href":"https:\/\/api.w.org\/{rel}","templated":true}]}}