{"id":419,"date":"2024-10-13T12:41:29","date_gmt":"2024-10-13T12:41:29","guid":{"rendered":"https:\/\/vinly.aloldal.xyz\/?post_type=product&#038;p=419"},"modified":"2024-10-13T12:49:08","modified_gmt":"2024-10-13T12:49:08","slug":"feszultsegmentesito-es-vizszigetelo","status":"publish","type":"product","link":"https:\/\/vinly-to-go.hu\/de\/produkt\/feszultsegmentesito-es-vizszigetelo\/","title":{"rendered":"Zugentlastung und Wasserdichtigkeit"},"content":{"rendered":"<p>Eine wasserdichte und rissdichte Folie aus flexiblem Polyethylen mit einem speziellen Vliesstoff auf beiden Seiten, der die Haftung des Fliesenklebers f\u00f6rdert.<\/p>\n<p>F\u00fcr eine rissfreie (spannungsfreie) und gleichm\u00e4\u00dfig dicke Abdichtung verschiedener Wand- und Bodenkonstruktionen (Ziegel, Gipskarton, Beton).<\/p>\n<p>Verwendungszweck: Nur f\u00fcr den Innenbereich empfohlen.<\/p>\n<p>Technische Daten: Dicke: 0,5 mm, Breite: 1 m, Gesamtl\u00e4nge der Rolle: 30 m, Rollengewicht: 4,5 kg,<\/p>","protected":false},"excerpt":{"rendered":"<p>DF1 DEB Direkt installierbare wasserdichte und rissdichte PP\/PE-Folie<\/p>","protected":false},"featured_media":420,"comment_status":"open","ping_status":"closed","template":"","meta":[],"product_cat":[67],"product_tag":[],"class_list":{"0":"post-419","1":"product","2":"type-product","3":"status-publish","4":"has-post-thumbnail","6":"product_cat-vizszigeteles","8":"first","9":"instock","10":"shipping-taxable","11":"purchasable","12":"product-type-simple"},"_links":{"self":[{"href":"https:\/\/vinly-to-go.hu\/de\/wp-json\/wp\/v2\/product\/419"}],"collection":[{"href":"https:\/\/vinly-to-go.hu\/de\/wp-json\/wp\/v2\/product"}],"about":[{"href":"https:\/\/vinly-to-go.hu\/de\/wp-json\/wp\/v2\/types\/product"}],"replies":[{"embeddable":true,"href":"https:\/\/vinly-to-go.hu\/de\/wp-json\/wp\/v2\/comments?post=419"}],"wp:featuredmedia":[{"embeddable":true,"href":"https:\/\/vinly-to-go.hu\/de\/wp-json\/wp\/v2\/media\/420"}],"wp:attachment":[{"href":"https:\/\/vinly-to-go.hu\/de\/wp-json\/wp\/v2\/media?parent=419"}],"wp:term":[{"taxonomy":"product_cat","embeddable":true,"href":"https:\/\/vinly-to-go.hu\/de\/wp-json\/wp\/v2\/product_cat?post=419"},{"taxonomy":"product_tag","embeddable":true,"href":"https:\/\/vinly-to-go.hu\/de\/wp-json\/wp\/v2\/product_tag?post=419"}],"curies":[{"name":"wp","href":"https:\/\/api.w.org\/{rel}","templated":true}]}}