{"id":422,"date":"2024-10-13T12:46:16","date_gmt":"2024-10-13T12:46:16","guid":{"rendered":"https:\/\/vinly.aloldal.xyz\/?post_type=product&#038;p=422"},"modified":"2024-10-13T12:48:54","modified_gmt":"2024-10-13T12:48:54","slug":"mandzsetta-fali-koronghoz","status":"publish","type":"product","link":"https:\/\/vinly-to-go.hu\/de\/produkt\/mandzsetta-fali-koronghoz\/","title":{"rendered":"Manschette f\u00fcr Wandscheibe"},"content":{"rendered":"<p>Rohrmanschette mit Silikonring f\u00fcr Rohrausl\u00e4sse mit einem Durchmesser bis zu 25 mm, zur durchgehenden Abdichtung, eingebettet in flexiblen Dichtungskleber<\/p>\n<p>Materialeigenschaften: Silikonring. Max. Rohrdurchmesser: geeignet bis 25 mm. Die PE-H\u00fclse ist beidseitig mit Vliesmaterial versehen, alkalibest\u00e4ndig, hoch chemikalienbest\u00e4ndig, f\u00e4ulnisbest\u00e4ndig sowie resistent gegen Pilze und Bakterien.<\/p>\n<p>Mindestqualit\u00e4t des Klebem\u00f6rtels f\u00fcr Rohrdurchf\u00fchrungen: Es muss ein ein- oder zweikomponentiger flexibler Abdichtungsklebstoff oder MS Polymer verwendet werden.<\/p>","protected":false},"excerpt":{"rendered":"<p>Dicke 0,25 mm, Breite: 120\/120 mm,<\/p>","protected":false},"featured_media":423,"comment_status":"open","ping_status":"closed","template":"","meta":[],"product_cat":[67],"product_tag":[],"class_list":{"0":"post-422","1":"product","2":"type-product","3":"status-publish","4":"has-post-thumbnail","6":"product_cat-vizszigeteles","8":"first","9":"instock","10":"shipping-taxable","11":"purchasable","12":"product-type-simple"},"_links":{"self":[{"href":"https:\/\/vinly-to-go.hu\/de\/wp-json\/wp\/v2\/product\/422"}],"collection":[{"href":"https:\/\/vinly-to-go.hu\/de\/wp-json\/wp\/v2\/product"}],"about":[{"href":"https:\/\/vinly-to-go.hu\/de\/wp-json\/wp\/v2\/types\/product"}],"replies":[{"embeddable":true,"href":"https:\/\/vinly-to-go.hu\/de\/wp-json\/wp\/v2\/comments?post=422"}],"wp:featuredmedia":[{"embeddable":true,"href":"https:\/\/vinly-to-go.hu\/de\/wp-json\/wp\/v2\/media\/423"}],"wp:attachment":[{"href":"https:\/\/vinly-to-go.hu\/de\/wp-json\/wp\/v2\/media?parent=422"}],"wp:term":[{"taxonomy":"product_cat","embeddable":true,"href":"https:\/\/vinly-to-go.hu\/de\/wp-json\/wp\/v2\/product_cat?post=422"},{"taxonomy":"product_tag","embeddable":true,"href":"https:\/\/vinly-to-go.hu\/de\/wp-json\/wp\/v2\/product_tag?post=422"}],"curies":[{"name":"wp","href":"https:\/\/api.w.org\/{rel}","templated":true}]}}