{"id":426,"date":"2024-10-13T12:52:27","date_gmt":"2024-10-13T12:52:27","guid":{"rendered":"https:\/\/vinly.aloldal.xyz\/?post_type=product&#038;p=426"},"modified":"2024-10-13T12:52:27","modified_gmt":"2024-10-13T12:52:27","slug":"1k-cement-bazisu-vizszigeteles","status":"publish","type":"product","link":"https:\/\/vinly-to-go.hu\/de\/produkt\/1k-cement-bazisu-vizszigeteles\/","title":{"rendered":"1K-Zementabdichtung"},"content":{"rendered":"<p><strong>Anwendungsbereich:<\/strong><\/p>\n<p>als Abdichtung f\u00fcr eine Au\u00dfenbetonwand im Erdreich<\/p>\n<p>als Innend\u00e4mmung gegen Unterdruck im Wasser an W\u00e4nden und Kellern<\/p>\n<p>zur Abdichtung von Badezimmern, Duschen, Terrassen, Schwimmb\u00e4dern und unter Keramikfliesen<\/p>\n<p>Produktmerkmale:<\/p>\n<p>Best\u00e4ndig gegen Streusalz, Frost-Tau-Wechsel und die sch\u00e4dlichen Auswirkungen von Kohlendioxid<\/p>\n<p>Auch auf nassen Oberfl\u00e4chen leicht aufzutragen<\/p>\n<p>kann mit einer Rolle, einem Pinsel oder einer Kelle aufgetragen werden.<\/p>\n<p>ausgezeichnete Riss\u00fcberbr\u00fcckungseigenschaften<\/p>\n<p>Einkomponentig, gebrauchsfertig. Im 20-kg-Sack. 1,4 kg\/m\u00b3<sup>2<\/sup><\/p>","protected":false},"excerpt":{"rendered":"<p>Einkomponentiger, faserverst\u00e4rkter Zementm\u00f6rtel f\u00fcr flexible Abdichtung und Betonschutz.<\/p>","protected":false},"featured_media":427,"comment_status":"open","ping_status":"closed","template":"","meta":[],"product_cat":[67],"product_tag":[],"class_list":{"0":"post-426","1":"product","2":"type-product","3":"status-publish","4":"has-post-thumbnail","6":"product_cat-vizszigeteles","8":"first","9":"instock","10":"shipping-taxable","11":"purchasable","12":"product-type-simple"},"_links":{"self":[{"href":"https:\/\/vinly-to-go.hu\/de\/wp-json\/wp\/v2\/product\/426"}],"collection":[{"href":"https:\/\/vinly-to-go.hu\/de\/wp-json\/wp\/v2\/product"}],"about":[{"href":"https:\/\/vinly-to-go.hu\/de\/wp-json\/wp\/v2\/types\/product"}],"replies":[{"embeddable":true,"href":"https:\/\/vinly-to-go.hu\/de\/wp-json\/wp\/v2\/comments?post=426"}],"wp:featuredmedia":[{"embeddable":true,"href":"https:\/\/vinly-to-go.hu\/de\/wp-json\/wp\/v2\/media\/427"}],"wp:attachment":[{"href":"https:\/\/vinly-to-go.hu\/de\/wp-json\/wp\/v2\/media?parent=426"}],"wp:term":[{"taxonomy":"product_cat","embeddable":true,"href":"https:\/\/vinly-to-go.hu\/de\/wp-json\/wp\/v2\/product_cat?post=426"},{"taxonomy":"product_tag","embeddable":true,"href":"https:\/\/vinly-to-go.hu\/de\/wp-json\/wp\/v2\/product_tag?post=426"}],"curies":[{"name":"wp","href":"https:\/\/api.w.org\/{rel}","templated":true}]}}