{"id":428,"date":"2024-10-13T12:58:29","date_gmt":"2024-10-13T12:58:29","guid":{"rendered":"https:\/\/vinly.aloldal.xyz\/?post_type=product&#038;p=428"},"modified":"2024-11-11T18:59:11","modified_gmt":"2024-11-11T18:59:11","slug":"ceratec-l-alaku-elvedo","status":"publish","type":"product","link":"https:\/\/vinly-to-go.hu\/de\/produkt\/ceratec-l-alaku-elvedo\/","title":{"rendered":"Ceratec L-f\u00f6rmiger Kantenschutz"},"content":{"rendered":"<p>Unsere Profile ergeben in Kombination mit Keramikfliesen oder Naturstein einen innovativen Look.<\/p>\n<p>M\u00f6gliche Anwendungsgebiete:<\/p>\n<p>-als Dekoration<\/p>\n<p>-Zum Abschluss von Fu\u00dfleisten oder Ecken.<\/p>\n<p>-Die Enden der Treppe.<\/p>\n<p>-Zum Abdecken unsauber verarbeiteter Kanten\/Fliesenr\u00e4nder.<\/p>\n<p>-Erstellen von Rahmen\/dekorativen Bord\u00fcren.<\/p>\n<p>Optionale H\u00f6he: 6 mm\/8 mm\/10 mm\/12 mm<\/p>\n<p>Optional: Hochglanz\/geb\u00fcrstet<\/p>\n<p>Verpackung: 10 mm\/2,50 m<\/p>","protected":false},"excerpt":{"rendered":"<p>Die Metallprofile bestehen aus hochwertigem, s\u00e4urebest\u00e4ndigem Edelstahl. Der Stahl, der spezielle technologische Verfahren und strenge Qualit\u00e4tskontrollen durchlaufen hat, garantiert Ihnen ein Premiumprodukt, an dem Sie viele Jahre lang Freude haben werden.<\/p>","protected":false},"featured_media":430,"comment_status":"open","ping_status":"closed","template":"","meta":[],"product_cat":[124],"product_tag":[],"class_list":{"0":"post-428","1":"product","2":"type-product","3":"status-publish","4":"has-post-thumbnail","6":"product_cat-elvedok","8":"first","9":"instock","10":"shipping-taxable","11":"purchasable","12":"product-type-variable"},"_links":{"self":[{"href":"https:\/\/vinly-to-go.hu\/de\/wp-json\/wp\/v2\/product\/428"}],"collection":[{"href":"https:\/\/vinly-to-go.hu\/de\/wp-json\/wp\/v2\/product"}],"about":[{"href":"https:\/\/vinly-to-go.hu\/de\/wp-json\/wp\/v2\/types\/product"}],"replies":[{"embeddable":true,"href":"https:\/\/vinly-to-go.hu\/de\/wp-json\/wp\/v2\/comments?post=428"}],"wp:featuredmedia":[{"embeddable":true,"href":"https:\/\/vinly-to-go.hu\/de\/wp-json\/wp\/v2\/media\/430"}],"wp:attachment":[{"href":"https:\/\/vinly-to-go.hu\/de\/wp-json\/wp\/v2\/media?parent=428"}],"wp:term":[{"taxonomy":"product_cat","embeddable":true,"href":"https:\/\/vinly-to-go.hu\/de\/wp-json\/wp\/v2\/product_cat?post=428"},{"taxonomy":"product_tag","embeddable":true,"href":"https:\/\/vinly-to-go.hu\/de\/wp-json\/wp\/v2\/product_tag?post=428"}],"curies":[{"name":"wp","href":"https:\/\/api.w.org\/{rel}","templated":true}]}}