{"id":433,"date":"2024-10-13T13:06:59","date_gmt":"2024-10-13T13:06:59","guid":{"rendered":"https:\/\/vinly.aloldal.xyz\/?post_type=product&#038;p=433"},"modified":"2024-10-13T13:09:22","modified_gmt":"2024-10-13T13:09:22","slug":"lejteskepzo-profil","status":"publish","type":"product","link":"https:\/\/vinly-to-go.hu\/de\/produkt\/lejteskepzo-profil\/","title":{"rendered":"Hangprofil"},"content":{"rendered":"","protected":false},"excerpt":{"rendered":"<p>F\u00fcr den \u00dcbergang, der w\u00e4hrend des Baus der Duschkabine zwischen dem geneigten und dem geraden Teil auftrat.<\/p>\n<p>Deckschichtdicke ab 34 mm<\/p>\n<p>98 cm \/ 10 mm<\/p>","protected":false},"featured_media":438,"comment_status":"open","ping_status":"closed","template":"","meta":[],"product_cat":[125],"product_tag":[],"class_list":{"0":"post-433","1":"product","2":"type-product","3":"status-publish","4":"has-post-thumbnail","6":"product_cat-profilok","8":"first","9":"instock","10":"shipping-taxable","11":"purchasable","12":"product-type-simple"},"_links":{"self":[{"href":"https:\/\/vinly-to-go.hu\/de\/wp-json\/wp\/v2\/product\/433"}],"collection":[{"href":"https:\/\/vinly-to-go.hu\/de\/wp-json\/wp\/v2\/product"}],"about":[{"href":"https:\/\/vinly-to-go.hu\/de\/wp-json\/wp\/v2\/types\/product"}],"replies":[{"embeddable":true,"href":"https:\/\/vinly-to-go.hu\/de\/wp-json\/wp\/v2\/comments?post=433"}],"wp:featuredmedia":[{"embeddable":true,"href":"https:\/\/vinly-to-go.hu\/de\/wp-json\/wp\/v2\/media\/438"}],"wp:attachment":[{"href":"https:\/\/vinly-to-go.hu\/de\/wp-json\/wp\/v2\/media?parent=433"}],"wp:term":[{"taxonomy":"product_cat","embeddable":true,"href":"https:\/\/vinly-to-go.hu\/de\/wp-json\/wp\/v2\/product_cat?post=433"},{"taxonomy":"product_tag","embeddable":true,"href":"https:\/\/vinly-to-go.hu\/de\/wp-json\/wp\/v2\/product_tag?post=433"}],"curies":[{"name":"wp","href":"https:\/\/api.w.org\/{rel}","templated":true}]}}