{"id":441,"date":"2024-10-13T13:10:05","date_gmt":"2024-10-13T13:10:05","guid":{"rendered":"https:\/\/vinly.aloldal.xyz\/?post_type=product&#038;p=441"},"modified":"2024-10-13T13:13:43","modified_gmt":"2024-10-13T13:13:43","slug":"lejteskepzo-profil-zuhanyfal-uveghez","status":"publish","type":"product","link":"https:\/\/vinly-to-go.hu\/de\/produkt\/lejteskepzo-profil-zuhanyfal-uveghez\/","title":{"rendered":"Neigungsprofil f\u00fcr Duschwandglas"},"content":{"rendered":"<p>Eingebaute Duschprofile sind die optimale L\u00f6sung f\u00fcr alle, die ihr Badezimmer professionell gestalten m\u00f6chten. Unsere Duschprofile verleihen der Dusche ein sauberes und zugleich elegantes Aussehen. Sie verdecken die unsch\u00f6nen Kanten der Fliesen, sch\u00fctzen vor scharfen Ecken und verhindern, dass Wasser unter die Fliesen gelangt.<\/p>","protected":false},"excerpt":{"rendered":"<p>98 cm \/ 34 mm<\/p>","protected":false},"featured_media":442,"comment_status":"open","ping_status":"closed","template":"","meta":[],"product_cat":[125],"product_tag":[],"class_list":{"0":"post-441","1":"product","2":"type-product","3":"status-publish","4":"has-post-thumbnail","6":"product_cat-profilok","8":"first","9":"instock","10":"shipping-taxable","11":"purchasable","12":"product-type-simple"},"_links":{"self":[{"href":"https:\/\/vinly-to-go.hu\/de\/wp-json\/wp\/v2\/product\/441"}],"collection":[{"href":"https:\/\/vinly-to-go.hu\/de\/wp-json\/wp\/v2\/product"}],"about":[{"href":"https:\/\/vinly-to-go.hu\/de\/wp-json\/wp\/v2\/types\/product"}],"replies":[{"embeddable":true,"href":"https:\/\/vinly-to-go.hu\/de\/wp-json\/wp\/v2\/comments?post=441"}],"wp:featuredmedia":[{"embeddable":true,"href":"https:\/\/vinly-to-go.hu\/de\/wp-json\/wp\/v2\/media\/442"}],"wp:attachment":[{"href":"https:\/\/vinly-to-go.hu\/de\/wp-json\/wp\/v2\/media?parent=441"}],"wp:term":[{"taxonomy":"product_cat","embeddable":true,"href":"https:\/\/vinly-to-go.hu\/de\/wp-json\/wp\/v2\/product_cat?post=441"},{"taxonomy":"product_tag","embeddable":true,"href":"https:\/\/vinly-to-go.hu\/de\/wp-json\/wp\/v2\/product_tag?post=441"}],"curies":[{"name":"wp","href":"https:\/\/api.w.org\/{rel}","templated":true}]}}