{"id":480,"date":"2024-10-15T19:52:37","date_gmt":"2024-10-15T19:52:37","guid":{"rendered":"https:\/\/vinly.aloldal.xyz\/?post_type=product&#038;p=480"},"modified":"2024-10-15T19:53:25","modified_gmt":"2024-10-15T19:53:25","slug":"ceratec-f1-csemperagaszto","status":"publish","type":"product","link":"https:\/\/vinly-to-go.hu\/de\/produkt\/ceratec-f1-csemperagaszto\/","title":{"rendered":"Ceratec F1 Fliesenkleber"},"content":{"rendered":"<p>Geeignet zum Verkleben von Keramikfliesen aus Steingut und Feinsteinzeug, Feinsteinzeugmosaiken, Spaltfliesen und -streifen sowie von Natur- und Kunststeinfliesen, die best\u00e4ndig gegen Verf\u00e4rbungen und Verformungen sind. Auch zur Befestigung von Gipskarton- und Hartschaumfliesenelementen mit beidseitiger M\u00f6rtelkaschierung.<\/p>\n<p>&nbsp;<\/p>","protected":false},"excerpt":{"rendered":"<p>Verpackung: 25 kg\/Sack<\/p>","protected":false},"featured_media":481,"comment_status":"open","ping_status":"closed","template":"","meta":[],"product_cat":[69],"product_tag":[],"class_list":{"0":"post-480","1":"product","2":"type-product","3":"status-publish","4":"has-post-thumbnail","6":"product_cat-csempe-ragaszto","8":"first","9":"instock","10":"shipping-taxable","11":"purchasable","12":"product-type-simple"},"_links":{"self":[{"href":"https:\/\/vinly-to-go.hu\/de\/wp-json\/wp\/v2\/product\/480"}],"collection":[{"href":"https:\/\/vinly-to-go.hu\/de\/wp-json\/wp\/v2\/product"}],"about":[{"href":"https:\/\/vinly-to-go.hu\/de\/wp-json\/wp\/v2\/types\/product"}],"replies":[{"embeddable":true,"href":"https:\/\/vinly-to-go.hu\/de\/wp-json\/wp\/v2\/comments?post=480"}],"wp:featuredmedia":[{"embeddable":true,"href":"https:\/\/vinly-to-go.hu\/de\/wp-json\/wp\/v2\/media\/481"}],"wp:attachment":[{"href":"https:\/\/vinly-to-go.hu\/de\/wp-json\/wp\/v2\/media?parent=480"}],"wp:term":[{"taxonomy":"product_cat","embeddable":true,"href":"https:\/\/vinly-to-go.hu\/de\/wp-json\/wp\/v2\/product_cat?post=480"},{"taxonomy":"product_tag","embeddable":true,"href":"https:\/\/vinly-to-go.hu\/de\/wp-json\/wp\/v2\/product_tag?post=480"}],"curies":[{"name":"wp","href":"https:\/\/api.w.org\/{rel}","templated":true}]}}