{"id":484,"date":"2024-10-15T19:55:12","date_gmt":"2024-10-15T19:55:12","guid":{"rendered":"https:\/\/vinly.aloldal.xyz\/?post_type=product&#038;p=484"},"modified":"2024-10-15T19:56:48","modified_gmt":"2024-10-15T19:56:48","slug":"f30-multiflex-ragaszto","status":"publish","type":"product","link":"https:\/\/vinly-to-go.hu\/de\/produkt\/f30-multiflex-ragaszto\/","title":{"rendered":"F30 Multiflex-Klebstoff"},"content":{"rendered":"<p>Hochproduktiver, staubfreier, zement\u00e4rer, extraleichter, multifunktionaler elastischer Klebstoff mit hoher plastischer Beschichtung zum Verkleben und Verlegen von Keramikfliesen und farbbest\u00e4ndigen Natursteinfliesen auf allen Oberfl\u00e4chen. Besonders geeignet f\u00fcr gro\u00dfformatiges Feinsteinzeug f\u00fcr Wand und Boden. Auch f\u00fcr beheizte Wand- und Bodenkonstruktionen sowie Verbundabdichtungen geeignet. Die M\u00f6rtelkonsistenz ist f\u00fcr D\u00fcnnbett-, Mittelbett- und Flie\u00dfbettverlegung variabel.<\/p>\n<p>&nbsp;<\/p>","protected":false},"excerpt":{"rendered":"<p>Verpackung: 15 kg\/Sack<\/p>","protected":false},"featured_media":486,"comment_status":"open","ping_status":"closed","template":"","meta":[],"product_cat":[69],"product_tag":[],"class_list":{"0":"post-484","1":"product","2":"type-product","3":"status-publish","4":"has-post-thumbnail","6":"product_cat-csempe-ragaszto","8":"first","9":"instock","10":"shipping-taxable","11":"purchasable","12":"product-type-simple"},"_links":{"self":[{"href":"https:\/\/vinly-to-go.hu\/de\/wp-json\/wp\/v2\/product\/484"}],"collection":[{"href":"https:\/\/vinly-to-go.hu\/de\/wp-json\/wp\/v2\/product"}],"about":[{"href":"https:\/\/vinly-to-go.hu\/de\/wp-json\/wp\/v2\/types\/product"}],"replies":[{"embeddable":true,"href":"https:\/\/vinly-to-go.hu\/de\/wp-json\/wp\/v2\/comments?post=484"}],"wp:featuredmedia":[{"embeddable":true,"href":"https:\/\/vinly-to-go.hu\/de\/wp-json\/wp\/v2\/media\/486"}],"wp:attachment":[{"href":"https:\/\/vinly-to-go.hu\/de\/wp-json\/wp\/v2\/media?parent=484"}],"wp:term":[{"taxonomy":"product_cat","embeddable":true,"href":"https:\/\/vinly-to-go.hu\/de\/wp-json\/wp\/v2\/product_cat?post=484"},{"taxonomy":"product_tag","embeddable":true,"href":"https:\/\/vinly-to-go.hu\/de\/wp-json\/wp\/v2\/product_tag?post=484"}],"curies":[{"name":"wp","href":"https:\/\/api.w.org\/{rel}","templated":true}]}}