{"id":490,"date":"2024-10-15T20:15:02","date_gmt":"2024-10-15T20:15:02","guid":{"rendered":"https:\/\/vinly.aloldal.xyz\/?post_type=product&#038;p=490"},"modified":"2024-10-15T20:28:37","modified_gmt":"2024-10-15T20:28:37","slug":"klebevinyl-firenze-desert-dune","status":"publish","type":"product","link":"https:\/\/vinly-to-go.hu\/de\/produkt\/klebevinyl-firenze-desert-dune\/","title":{"rendered":"Klebevinyl Firenze Desert Dune"},"content":{"rendered":"<p>Im Vergleich zu anderen Bodenbel\u00e4gen ist dieser Bodenbelag deutlich weicher, leiser und angenehmer zu begehen. Man kann ihn sogar barfu\u00df begehen. Er ist schwer entflammbar, sehr pflegeleicht und wasserbest\u00e4ndig, weshalb er auch in B\u00fcrogeb\u00e4uden beliebt ist. Er kann in der K\u00fcche, im Badezimmer oder sogar im Schwimmbad verlegt werden. Er ist rutschfest und wasserdicht. Sein Vorteil gegen\u00fcber Parkett ist, dass er nicht knarrt oder knistert und dennoch eine sch\u00f6ne Holzoptik besitzt. Er f\u00fchlt sich w\u00e4rmer an als Laminat oder andere kalte Bodenbel\u00e4ge und ist daher komfortabler.<\/p>\n<p>Ein weiterer Vorteil ist die geringe Verlegeh\u00f6he von 2,5 mm bei verklebten Vinylb\u00f6den, die als Premiumqualit\u00e4t gelten, und 5,5-5,7 mm bei Klickb\u00f6den.<\/p>\n<p><strong>Vorteile:<\/strong><br \/>\n\u2713 Leicht zu reinigen<br \/>\n\u2713 Hervorragende Wasserdichtigkeit<br \/>\n\u2713 Schafft eine weiche, komfortable Gehfl\u00e4che<br \/>\n\u2713 Einfache Installation, leicht auf die gew\u00fcnschte Gr\u00f6\u00dfe zuschneidbar<br \/>\n\u2713 Nat\u00fcrlicher Look<\/p>\n<p><strong>Geklebtes Vinyl:<\/strong><br \/>\nGr\u00f6\u00dfe: 228,6 \u00d7 1422,4 \u00d7 2,5 mm<br \/>\n3.252 m\u00b2<br \/>\n\/Paket<br \/>\nHerstellergarantie: 35 Jahre f\u00fcr den privaten Gebrauch, 20 Jahre f\u00fcr den gewerblichen Gebrauch<br \/>\nKann bei Fu\u00dfbodenheizungen bis +28\u00b0C verwendet werden.<\/p>","protected":false},"excerpt":{"rendered":"<p class=\"p1\">228,6 \u00d7 1422,4 \u00d7 2,5 mm<\/p>","protected":false},"featured_media":496,"comment_status":"open","ping_status":"closed","template":"","meta":[],"product_cat":[81],"product_tag":[],"class_list":{"0":"post-490","1":"product","2":"type-product","3":"status-publish","4":"has-post-thumbnail","6":"product_cat-vinly-padlo","8":"first","9":"instock","10":"shipping-taxable","11":"purchasable","12":"product-type-simple"},"_links":{"self":[{"href":"https:\/\/vinly-to-go.hu\/de\/wp-json\/wp\/v2\/product\/490"}],"collection":[{"href":"https:\/\/vinly-to-go.hu\/de\/wp-json\/wp\/v2\/product"}],"about":[{"href":"https:\/\/vinly-to-go.hu\/de\/wp-json\/wp\/v2\/types\/product"}],"replies":[{"embeddable":true,"href":"https:\/\/vinly-to-go.hu\/de\/wp-json\/wp\/v2\/comments?post=490"}],"wp:featuredmedia":[{"embeddable":true,"href":"https:\/\/vinly-to-go.hu\/de\/wp-json\/wp\/v2\/media\/496"}],"wp:attachment":[{"href":"https:\/\/vinly-to-go.hu\/de\/wp-json\/wp\/v2\/media?parent=490"}],"wp:term":[{"taxonomy":"product_cat","embeddable":true,"href":"https:\/\/vinly-to-go.hu\/de\/wp-json\/wp\/v2\/product_cat?post=490"},{"taxonomy":"product_tag","embeddable":true,"href":"https:\/\/vinly-to-go.hu\/de\/wp-json\/wp\/v2\/product_tag?post=490"}],"curies":[{"name":"wp","href":"https:\/\/api.w.org\/{rel}","templated":true}]}}