{"id":514,"date":"2024-11-11T18:46:47","date_gmt":"2024-11-11T18:46:47","guid":{"rendered":"https:\/\/vinly-to-go.hu\/?post_type=product&#038;p=514"},"modified":"2024-11-11T19:08:00","modified_gmt":"2024-11-11T19:08:00","slug":"ceratec-gyorskotesu-estrich-beton-se1","status":"publish","type":"product","link":"https:\/\/vinly-to-go.hu\/de\/produkt\/ceratec-gyorskotesu-estrich-beton-se1\/","title":{"rendered":"Ceratec Schnellzementbeton SE1"},"content":{"rendered":"<p>Schnellh\u00e4rtend. Besonders geeignet f\u00fcr zeitsparende oder zeitaufw\u00e4ndige Estricharbeiten. Auch als direkte Nutzschicht geeignet. F\u00fcr den Innen- und Au\u00dfenbereich.<\/p>\n<p>Fertigmischung.<\/p>\n<p>Es kann bereits nach 24 Stunden gefliest werden.<\/p>","protected":false},"excerpt":{"rendered":"<p>Verpackung: 25 kg\/Sack<\/p>","protected":false},"featured_media":515,"comment_status":"open","ping_status":"closed","template":"","meta":[],"product_cat":[69],"product_tag":[],"class_list":{"0":"post-514","1":"product","2":"type-product","3":"status-publish","4":"has-post-thumbnail","6":"product_cat-csempe-ragaszto","8":"first","9":"instock","10":"shipping-taxable","11":"purchasable","12":"product-type-simple"},"_links":{"self":[{"href":"https:\/\/vinly-to-go.hu\/de\/wp-json\/wp\/v2\/product\/514"}],"collection":[{"href":"https:\/\/vinly-to-go.hu\/de\/wp-json\/wp\/v2\/product"}],"about":[{"href":"https:\/\/vinly-to-go.hu\/de\/wp-json\/wp\/v2\/types\/product"}],"replies":[{"embeddable":true,"href":"https:\/\/vinly-to-go.hu\/de\/wp-json\/wp\/v2\/comments?post=514"}],"wp:featuredmedia":[{"embeddable":true,"href":"https:\/\/vinly-to-go.hu\/de\/wp-json\/wp\/v2\/media\/515"}],"wp:attachment":[{"href":"https:\/\/vinly-to-go.hu\/de\/wp-json\/wp\/v2\/media?parent=514"}],"wp:term":[{"taxonomy":"product_cat","embeddable":true,"href":"https:\/\/vinly-to-go.hu\/de\/wp-json\/wp\/v2\/product_cat?post=514"},{"taxonomy":"product_tag","embeddable":true,"href":"https:\/\/vinly-to-go.hu\/de\/wp-json\/wp\/v2\/product_tag?post=514"}],"curies":[{"name":"wp","href":"https:\/\/api.w.org\/{rel}","templated":true}]}}